{"id":137,"date":"2024-07-09T10:51:13","date_gmt":"2024-07-09T08:51:13","guid":{"rendered":"http:\/\/elodiem.cluster023.hosting.ovh.net\/index.php\/home\/"},"modified":"2024-07-09T12:05:55","modified_gmt":"2024-07-09T10:05:55","slug":"home","status":"publish","type":"page","link":"http:\/\/elodiepaulin-psy.fr\/","title":{"rendered":"Accueil"},"content":{"rendered":"\t\t<div data-elementor-type=\"wp-page\" data-elementor-id=\"137\" class=\"elementor elementor-137\" data-elementor-post-type=\"page\">\n\t\t\t\t\t\t<section class=\"elementor-section elementor-top-section elementor-element elementor-element-b14ef3a elementor-section-stretched elementor-reverse-tablet elementor-reverse-mobile elementor-section-boxed elementor-section-height-default elementor-section-height-default elementor-invisible\" data-id=\"b14ef3a\" data-element_type=\"section\" data-settings=\"{&quot;stretch_section&quot;:&quot;section-stretched&quot;,&quot;background_background&quot;:&quot;gradient&quot;,&quot;animation&quot;:&quot;fadeIn&quot;}\">\n\t\t\t\t\t\t<div class=\"elementor-container elementor-column-gap-default\">\n\t\t\t\t\t<div class=\"elementor-column elementor-col-50 elementor-top-column elementor-element elementor-element-58cef690\" data-id=\"58cef690\" data-element_type=\"column\">\n\t\t\t<div class=\"elementor-widget-wrap elementor-element-populated\">\n\t\t\t\t\t\t<div class=\"elementor-element elementor-element-4a31a2aa elementor-widget elementor-widget-text-editor\" data-id=\"4a31a2aa\" data-element_type=\"widget\" data-widget_type=\"text-editor.default\">\n\t\t\t\t<div class=\"elementor-widget-container\">\n\t\t\t<style>\/*! elementor - v3.22.0 - 26-06-2024 *\/\n.elementor-widget-text-editor.elementor-drop-cap-view-stacked .elementor-drop-cap{background-color:#69727d;color:#fff}.elementor-widget-text-editor.elementor-drop-cap-view-framed .elementor-drop-cap{color:#69727d;border:3px solid;background-color:transparent}.elementor-widget-text-editor:not(.elementor-drop-cap-view-default) .elementor-drop-cap{margin-top:8px}.elementor-widget-text-editor:not(.elementor-drop-cap-view-default) .elementor-drop-cap-letter{width:1em;height:1em}.elementor-widget-text-editor .elementor-drop-cap{float:left;text-align:center;line-height:1;font-size:50px}.elementor-widget-text-editor .elementor-drop-cap-letter{display:inline-block}<\/style>\t\t\t\t<p dir=\"ltr\">La vie est faite d&rsquo;obstacles \u00e0 surmonter&#8230;<\/p><p dir=\"ltr\">Le deuil d\u2019un \u00eatre cher, la s\u00e9paration amoureuse, la maladie que l\u2019on vit pour soi ou ceux que l\u2019on aime, la violence psychique physique ou sexuelle, le mal \u00eatre, l\u2019\u00e9puisement, l\u2019anxi\u00e9t\u00e9, la perte de sens sont autant d&rsquo;\u00e9tapes.<\/p><p class=\"_04xlpA direction-ltr align-center para-style-body\">\u00a0<\/p><p dir=\"ltr\">Je vous propose de vous accompagner dans la compr\u00e9hension et le d\u00e9passement de ces souffrances dans une \u00e9coute active et bienveillante sur le chemin de la s\u00e9r\u00e9nit\u00e9 !\u00a0<\/p><p class=\"_04xlpA direction-ltr align-center para-style-body\">\u00a0<\/p><p dir=\"ltr\">La parole comme moyen de lib\u00e9ration des \u00e9motions !\u00a0<\/p><p dir=\"ltr\">Mais aussi l\u2019analyse de r\u00eave v\u00e9ritable miroir de l\u2019\u00e2me ! La Conscientisation et la lib\u00e9ration de l\u2019histoire familiale ! En seront les cl\u00e9s.\u00a0<\/p><p class=\"_04xlpA direction-ltr align-center para-style-body\">\u00a0<\/p><p dir=\"ltr\">Dans un espace temps s\u00e9cure qui vous est consacr\u00e9 je vous guide afin que vous puissiez d\u00e9poser vos maux mais aussi traverser et d\u00e9passer les blocages et les peurs qui assombrissent votre quotidien. Afin de retrouver la lumi\u00e8re qui est en vous.<\/p>\t\t\t\t\t\t<\/div>\n\t\t\t\t<\/div>\n\t\t\t\t<div class=\"elementor-element elementor-element-4e464f96 elementor-align-center elementor-widget elementor-widget-button\" data-id=\"4e464f96\" data-element_type=\"widget\" data-widget_type=\"button.default\">\n\t\t\t\t<div class=\"elementor-widget-container\">\n\t\t\t\t\t<div class=\"elementor-button-wrapper\">\n\t\t\t<a class=\"elementor-button elementor-button-link elementor-size-sm elementor-animation-pop\" href=\"http:\/\/elodiepaulin-psy.fr\/index.php\/about\/\">\n\t\t\t\t\t\t<span class=\"elementor-button-content-wrapper\">\n\t\t\t\t\t\t\t\t\t<span class=\"elementor-button-text\">En savoirs plus<\/span>\n\t\t\t\t\t<\/span>\n\t\t\t\t\t<\/a>\n\t\t<\/div>\n\t\t\t\t<\/div>\n\t\t\t\t<\/div>\n\t\t\t\t\t<\/div>\n\t\t<\/div>\n\t\t\t\t<div class=\"elementor-column elementor-col-50 elementor-top-column elementor-element elementor-element-181f6600\" data-id=\"181f6600\" data-element_type=\"column\" data-settings=\"{&quot;background_background&quot;:&quot;classic&quot;}\">\n\t\t\t<div class=\"elementor-widget-wrap elementor-element-populated\">\n\t\t\t\t\t\t<div class=\"elementor-element elementor-element-5ea39a72 elementor-widget elementor-widget-image\" data-id=\"5ea39a72\" data-element_type=\"widget\" data-widget_type=\"image.default\">\n\t\t\t\t<div class=\"elementor-widget-container\">\n\t\t\t<style>\/*! elementor - v3.22.0 - 26-06-2024 *\/\n.elementor-widget-image{text-align:center}.elementor-widget-image a{display:inline-block}.elementor-widget-image a img[src$=\".svg\"]{width:48px}.elementor-widget-image img{vertical-align:middle;display:inline-block}<\/style>\t\t\t\t\t\t\t\t\t\t<img fetchpriority=\"high\" decoding=\"async\" width=\"718\" height=\"838\" src=\"http:\/\/elodiepaulin-psy.fr\/wp-content\/uploads\/2024\/07\/Portrait.png\" class=\"attachment-full size-full wp-image-235\" alt=\"\" srcset=\"http:\/\/elodiepaulin-psy.fr\/wp-content\/uploads\/2024\/07\/Portrait.png 718w, http:\/\/elodiepaulin-psy.fr\/wp-content\/uploads\/2024\/07\/Portrait-600x700.png 600w, http:\/\/elodiepaulin-psy.fr\/wp-content\/uploads\/2024\/07\/Portrait-257x300.png 257w\" sizes=\"(max-width: 718px) 100vw, 718px\" \/>\t\t\t\t\t\t\t\t\t\t\t\t\t<\/div>\n\t\t\t\t<\/div>\n\t\t\t\t\t<\/div>\n\t\t<\/div>\n\t\t\t\t\t<\/div>\n\t\t<\/section>\n\t\t\t\t<\/div>\n\t\t","protected":false},"excerpt":{"rendered":"<p>La vie est faite d&rsquo;obstacles \u00e0 surmonter&#8230; Le deuil d\u2019un \u00eatre cher, la s\u00e9paration amoureuse, la maladie que l\u2019on vit pour soi ou ceux que l\u2019on aime, la violence psychique physique ou sexuelle, le mal \u00eatre, l\u2019\u00e9puisement, l\u2019anxi\u00e9t\u00e9, la perte de sens sont autant d&rsquo;\u00e9tapes. \u00a0 Je vous propose de vous accompagner dans la compr\u00e9hension [&hellip;]<\/p>\n","protected":false},"author":1,"featured_media":0,"parent":0,"menu_order":0,"comment_status":"closed","ping_status":"closed","template":"elementor_header_footer","meta":{"footnotes":""},"class_list":["post-137","page","type-page","status-publish","hentry"],"_links":{"self":[{"href":"http:\/\/elodiepaulin-psy.fr\/index.php\/wp-json\/wp\/v2\/pages\/137","targetHints":{"allow":["GET"]}}],"collection":[{"href":"http:\/\/elodiepaulin-psy.fr\/index.php\/wp-json\/wp\/v2\/pages"}],"about":[{"href":"http:\/\/elodiepaulin-psy.fr\/index.php\/wp-json\/wp\/v2\/types\/page"}],"author":[{"embeddable":true,"href":"http:\/\/elodiepaulin-psy.fr\/index.php\/wp-json\/wp\/v2\/users\/1"}],"replies":[{"embeddable":true,"href":"http:\/\/elodiepaulin-psy.fr\/index.php\/wp-json\/wp\/v2\/comments?post=137"}],"version-history":[{"count":15,"href":"http:\/\/elodiepaulin-psy.fr\/index.php\/wp-json\/wp\/v2\/pages\/137\/revisions"}],"predecessor-version":[{"id":300,"href":"http:\/\/elodiepaulin-psy.fr\/index.php\/wp-json\/wp\/v2\/pages\/137\/revisions\/300"}],"wp:attachment":[{"href":"http:\/\/elodiepaulin-psy.fr\/index.php\/wp-json\/wp\/v2\/media?parent=137"}],"curies":[{"name":"wp","href":"https:\/\/api.w.org\/{rel}","templated":true}]}}